{"id":9,"date":"2018-01-26T20:13:04","date_gmt":"2018-01-26T20:13:04","guid":{"rendered":"https:\/\/www.pixelwork.de\/?page_id=9"},"modified":"2025-04-13T15:22:30","modified_gmt":"2025-04-13T15:22:30","slug":"kontakt-pixelwork","status":"publish","type":"page","link":"https:\/\/www.pixelwork.de\/digitales-lernen\/kontakt-pixelwork\/","title":{"rendered":"Kontakt"},"content":{"rendered":"<p>Haben Sie in Ihrem Unternehmen ebenfalls komplexe Lerninhalte, die Sie Ihren Mitarbeitern gerne in einer zeitgem\u00e4\u00dfen und interaktiven Weise zur Verf\u00fcgung stellen m\u00f6chten? Wir beraten Sie gerne \u00fcber die verschiedenen M\u00f6glichkeiten zur Erstellung von individuellen Schulungsmodulen f\u00fcr Ihr Unternehmen.<\/p>\n<p>Zur Erstellung eines Storyboards als Grundlage der Produktion eines Schulungsprogramms arbeiten wir eng mit Ihren Fachexperten zusammen.<\/p>\n<p>Auf Wunsch k\u00f6nnen wir f\u00fcr Sie auch das Hosting Ihrer Online- Schulungsangebote \u00fcbernehmen. Serverstandort ist Deutschland.<\/p>\n<p>Gerne stellen wir Ihnen einen Online-Demozugang zu gew\u00fcnschten Programmen zur Verf\u00fcgung.<\/p>\n<p>Wir freuen uns \u00fcber Ihre Kontakt Anfrage:<\/p>\n<p><a title=\"Mailanfrage\" href=\"mailto:info@pixelwork.de\">info@pixelwork.de<\/a><\/p>\n","protected":false},"excerpt":{"rendered":"<p>Haben Sie in Ihrem Unternehmen ebenfalls komplexe Lerninhalte, die Sie Ihren Mitarbeitern gerne in einer zeitgem\u00e4\u00dfen und interaktiven Weise zur Verf\u00fcgung stellen m\u00f6chten? Wir beraten Sie gerne \u00fcber die verschiedenen M\u00f6glichkeiten zur Erstellung von individuellen Schulungsmodulen f\u00fcr Ihr Unternehmen. Zur Erstellung eines Storyboards als Grundlage der Produktion eines Schulungsprogramms arbeiten wir eng mit Ihren Fachexperten zusammen. Auf Wunsch k\u00f6nnen wir f\u00fcr Sie auch das Hosting Ihrer Online- Schulungsangebote \u00fcbernehmen. Serverstandort ist Deutschland. Gerne stellen wir Ihnen einen Online-Demozugang zu gew\u00fcnschten Programmen zur Verf\u00fcgung. Wir freuen uns \u00fcber Ihre Kontakt Anfrage: info@pixelwork.de<\/p>\n","protected":false},"author":1,"featured_media":0,"parent":0,"menu_order":0,"comment_status":"closed","ping_status":"closed","template":"","meta":{"footnotes":""},"class_list":["post-9","page","type-page","status-publish","hentry"],"_links":{"self":[{"href":"https:\/\/www.pixelwork.de\/digitales-lernen\/wp-json\/wp\/v2\/pages\/9","targetHints":{"allow":["GET"]}}],"collection":[{"href":"https:\/\/www.pixelwork.de\/digitales-lernen\/wp-json\/wp\/v2\/pages"}],"about":[{"href":"https:\/\/www.pixelwork.de\/digitales-lernen\/wp-json\/wp\/v2\/types\/page"}],"author":[{"embeddable":true,"href":"https:\/\/www.pixelwork.de\/digitales-lernen\/wp-json\/wp\/v2\/users\/1"}],"replies":[{"embeddable":true,"href":"https:\/\/www.pixelwork.de\/digitales-lernen\/wp-json\/wp\/v2\/comments?post=9"}],"version-history":[{"count":9,"href":"https:\/\/www.pixelwork.de\/digitales-lernen\/wp-json\/wp\/v2\/pages\/9\/revisions"}],"predecessor-version":[{"id":729,"href":"https:\/\/www.pixelwork.de\/digitales-lernen\/wp-json\/wp\/v2\/pages\/9\/revisions\/729"}],"wp:attachment":[{"href":"https:\/\/www.pixelwork.de\/digitales-lernen\/wp-json\/wp\/v2\/media?parent=9"}],"curies":[{"name":"wp","href":"https:\/\/api.w.org\/{rel}","templated":true}]}}