{"id":83,"date":"2018-01-27T08:38:45","date_gmt":"2018-01-27T08:38:45","guid":{"rendered":"https:\/\/www.pixelwork.de\/?page_id=83"},"modified":"2021-01-05T09:32:49","modified_gmt":"2021-01-05T09:32:49","slug":"weitere-pixelwork-tools","status":"publish","type":"page","link":"https:\/\/www.pixelwork.de\/digitales-lernen\/weitere-pixelwork-tools\/","title":{"rendered":"Weitere Pixelwork Tools"},"content":{"rendered":"\n<h5 class=\"wp-block-heading\">Weitere hilfreiche Online-Tools erm\u00f6glichen einen intuitiven Schnellzugriff auf Informationen.<\/h5>\n\n\n\n<ul class=\"wp-block-list\"><li>Flugdienstzeit Uhr (HTML5 Version oder IOS-App verf\u00fcgbar)<\/li><\/ul>\n\n\n\n<figure class=\"wp-block-image size-large is-resized is-style-default\"><a href=\"https:\/\/www.pixelwork.de\/wp-content\/uploads\/2018\/01\/FDZ-Uhr.png\" target=\"_blank\" rel=\"noopener\"><img fetchpriority=\"high\" decoding=\"async\" src=\"https:\/\/www.pixelwork.de\/wp-content\/uploads\/2021\/01\/FDZ-Uhr-small.png\" alt=\"Tools Sample\" class=\"wp-image-503\" width=\"286\" height=\"207\" srcset=\"https:\/\/www.pixelwork.de\/wp-content\/uploads\/2021\/01\/FDZ-Uhr-small.png 400w, https:\/\/www.pixelwork.de\/wp-content\/uploads\/2021\/01\/FDZ-Uhr-small-300x217.png 300w\" sizes=\"(max-width: 286px) 100vw, 286px\" \/><\/a><\/figure>\n\n\n\n<p>Quick-Referenz Tool zur Ermittlung der maximal erlaubten Flugdienstzeit in Abh\u00e4ngigkeit von Check-In Zeit und Leg-Anzahl \u00a0 \u00a0\u00a0 \u00a0 \u00a0 \u00a0 \u00a0 \u00a0 \u00a0 \u00a0 \u00a0 \u00a0 \u00a0 \u00a0 \u00a0 \u00a0 \u00a0 \u00a0 \u00a0 \u00a0 \u00a0 \u00a0 \u00a0 \u00a0 \u00a0 \u00a0 \u00a0 \u00a0 \u00a0 \u00a0 \u00a0 \u00a0 \u00a0 \u00a0 \u00a0 \u00a0 \u00a0 \u00a0 \u00a0 \u00a0 \u00a0 \u00a0 \u00a0 \u00a0 \u00a0\u00a0<a href=\"https:\/\/www.pixelwork.de\/wordpress\/wp-content\/uploads\/2014\/01\/FDZ.jpg\">\u00a0 <\/a><\/p>\n\n\n\n<ul class=\"wp-block-list\"><li>Info-Chart<\/li><\/ul>\n\n\n\n<figure class=\"wp-block-image size-large is-resized\"><a href=\"https:\/\/www.pixelwork.de\/wp-content\/uploads\/2018\/01\/Signature.png\" target=\"_blank\" rel=\"noopener\"><img decoding=\"async\" src=\"https:\/\/www.pixelwork.de\/wp-content\/uploads\/2021\/01\/Signature-small.png\" alt=\"\" class=\"wp-image-507\" width=\"215\" height=\"209\" srcset=\"https:\/\/www.pixelwork.de\/wp-content\/uploads\/2021\/01\/Signature-small.png 400w, https:\/\/www.pixelwork.de\/wp-content\/uploads\/2021\/01\/Signature-small-300x291.png 300w\" sizes=\"(max-width: 215px) 100vw, 215px\" \/><\/a><\/figure>\n\n\n\n<p>Quick-Referenz Tool zur Anzeige operationeller Besonderheiten auf den einzelnen Airports der jeweiligen L\u00e4nder<\/p>\n\n\n\n<ul class=\"wp-block-list\"><li>Embraer-Trainingsvideos<\/li><\/ul>\n\n\n\n<figure class=\"wp-block-image size-large is-resized\"><a href=\"https:\/\/www.pixelwork.de\/wp-content\/uploads\/2018\/01\/Trainingsvideo-871x1024.png\" target=\"_blank\" rel=\"noopener\"><img decoding=\"async\" src=\"https:\/\/www.pixelwork.de\/wp-content\/uploads\/2021\/01\/Trainingsvideo-small.png\" alt=\"\" class=\"wp-image-508\" width=\"172\" height=\"202\" srcset=\"https:\/\/www.pixelwork.de\/wp-content\/uploads\/2021\/01\/Trainingsvideo-small.png 400w, https:\/\/www.pixelwork.de\/wp-content\/uploads\/2021\/01\/Trainingsvideo-small-255x300.png 255w\" sizes=\"(max-width: 172px) 100vw, 172px\" \/><\/a><\/figure>\n\n\n\n<p>Browser und Auswahltool f\u00fcr die Anzeige der verf\u00fcgbaren Embraer-Trainingsvideos<\/p>\n\n\n\n<ul class=\"wp-block-list\"><li>Trainerportal<\/li><\/ul>\n\n\n\n<figure class=\"wp-block-image size-large is-resized\"><a href=\"https:\/\/www.pixelwork.de\/wp-content\/uploads\/2018\/01\/Trainerportal-1024x630.png\" target=\"_blank\" rel=\"noopener\"><img loading=\"lazy\" decoding=\"async\" src=\"https:\/\/www.pixelwork.de\/wp-content\/uploads\/2021\/01\/Trainerportal-small.png\" alt=\"\" class=\"wp-image-510\" width=\"278\" height=\"171\" srcset=\"https:\/\/www.pixelwork.de\/wp-content\/uploads\/2021\/01\/Trainerportal-small.png 400w, https:\/\/www.pixelwork.de\/wp-content\/uploads\/2021\/01\/Trainerportal-small-300x185.png 300w\" sizes=\"(max-width: 278px) 100vw, 278px\" \/><\/a><\/figure>\n\n\n\n<p>Passwortgesichertes Internetportal f\u00fcr den von allen Simulator-Standorten ben\u00f6tigten Zugriff auf &nbsp;trainingsrelevante Schulungsinhalte<\/p>\n\n\n\n<p><\/p>\n","protected":false},"excerpt":{"rendered":"<p>Weitere hilfreiche Online-Tools erm\u00f6glichen einen intuitiven Schnellzugriff auf Informationen. Flugdienstzeit Uhr (HTML5 Version oder IOS-App verf\u00fcgbar) Quick-Referenz Tool zur Ermittlung der maximal erlaubten Flugdienstzeit in Abh\u00e4ngigkeit von Check-In Zeit und Leg-Anzahl \u00a0 \u00a0\u00a0 \u00a0 \u00a0 \u00a0 \u00a0 \u00a0 \u00a0 \u00a0 \u00a0 \u00a0 \u00a0 \u00a0 \u00a0 \u00a0 \u00a0 \u00a0 \u00a0 \u00a0 \u00a0 \u00a0 \u00a0 \u00a0 \u00a0 \u00a0 \u00a0 \u00a0 \u00a0 \u00a0 \u00a0 \u00a0 \u00a0 \u00a0 \u00a0 \u00a0 \u00a0 \u00a0 \u00a0 \u00a0 \u00a0 \u00a0 \u00a0 \u00a0 \u00a0\u00a0\u00a0 Info-Chart Quick-Referenz Tool zur Anzeige operationeller Besonderheiten auf den einzelnen Airports der jeweiligen L\u00e4nder Embraer-Trainingsvideos Browser und Auswahltool f\u00fcr die Anzeige der verf\u00fcgbaren Embraer-Trainingsvideos Trainerportal Passwortgesichertes Internetportal f\u00fcr den von allen Simulator-Standorten ben\u00f6tigten Zugriff auf &nbsp;trainingsrelevante Schulungsinhalte<\/p>\n","protected":false},"author":1,"featured_media":0,"parent":0,"menu_order":0,"comment_status":"closed","ping_status":"closed","template":"","meta":{"footnotes":""},"class_list":["post-83","page","type-page","status-publish","hentry"],"_links":{"self":[{"href":"https:\/\/www.pixelwork.de\/digitales-lernen\/wp-json\/wp\/v2\/pages\/83","targetHints":{"allow":["GET"]}}],"collection":[{"href":"https:\/\/www.pixelwork.de\/digitales-lernen\/wp-json\/wp\/v2\/pages"}],"about":[{"href":"https:\/\/www.pixelwork.de\/digitales-lernen\/wp-json\/wp\/v2\/types\/page"}],"author":[{"embeddable":true,"href":"https:\/\/www.pixelwork.de\/digitales-lernen\/wp-json\/wp\/v2\/users\/1"}],"replies":[{"embeddable":true,"href":"https:\/\/www.pixelwork.de\/digitales-lernen\/wp-json\/wp\/v2\/comments?post=83"}],"version-history":[{"count":12,"href":"https:\/\/www.pixelwork.de\/digitales-lernen\/wp-json\/wp\/v2\/pages\/83\/revisions"}],"predecessor-version":[{"id":517,"href":"https:\/\/www.pixelwork.de\/digitales-lernen\/wp-json\/wp\/v2\/pages\/83\/revisions\/517"}],"wp:attachment":[{"href":"https:\/\/www.pixelwork.de\/digitales-lernen\/wp-json\/wp\/v2\/media?parent=83"}],"curies":[{"name":"wp","href":"https:\/\/api.w.org\/{rel}","templated":true}]}}