{"id":74,"date":"2018-01-27T08:37:21","date_gmt":"2018-01-27T08:37:21","guid":{"rendered":"https:\/\/www.pixelwork.de\/?page_id=74"},"modified":"2021-01-05T08:51:29","modified_gmt":"2021-01-05T08:51:29","slug":"software-schulung","status":"publish","type":"page","link":"https:\/\/www.pixelwork.de\/digitales-lernen\/software-schulung\/","title":{"rendered":"Software Schulung"},"content":{"rendered":"\n<p>Mit diesen Software Schulungsmodulen kann die Einf\u00fchrung von neuer Software begleitet werden. Dies gilt sowohl f\u00fcr Software-Programme, die Piloten auf Ihren Electronic FlightBag Computern nutzen, als auch f\u00fcr neue Softwareanwendungen im Verwaltungsbereich. Die Mitarbeiter werden durch die Bedienung der Software gef\u00fchrt, interaktive \u00dcbungen und Fragen vertiefen das Lernerlebnis.<\/p>\n\n\n\n<ul class=\"wp-block-list\"><li>Pacelab CI OPS<\/li><\/ul>\n\n\n\n<p>Schulungsmodul zur Nutzung des von der PACE GmbH entwickelten Flugweg Optimierungsprogramms &#8220;Pacelab CI OPS&#8221;<\/p>\n\n\n\n<figure class=\"wp-block-image size-large is-resized\"><a href=\"https:\/\/www.pixelwork.de\/wp-content\/uploads\/2018\/01\/CI-Ops-CBT-e1396202314625.png\" target=\"_blank\" rel=\"noopener\"><img decoding=\"async\" src=\"https:\/\/www.pixelwork.de\/wp-content\/uploads\/2018\/01\/CI-Ops-CBT-e1396202314625-1024x619.png\" alt=\"Software Schulung\" class=\"wp-image-176\" width=\"250\" height=\"150\" srcset=\"https:\/\/www.pixelwork.de\/wp-content\/uploads\/2018\/01\/CI-Ops-CBT-e1396202314625-1024x619.png 1024w, https:\/\/www.pixelwork.de\/wp-content\/uploads\/2018\/01\/CI-Ops-CBT-e1396202314625-300x181.png 300w, https:\/\/www.pixelwork.de\/wp-content\/uploads\/2018\/01\/CI-Ops-CBT-e1396202314625-768x464.png 768w, https:\/\/www.pixelwork.de\/wp-content\/uploads\/2018\/01\/CI-Ops-CBT-e1396202314625.png 1284w\" sizes=\"(max-width: 250px) 100vw, 250px\" \/><\/a><\/figure>\n\n\n\n<ul class=\"wp-block-list\"><li>eDesk<\/li><\/ul>\n\n\n\n<p>Schulungsmodul f\u00fcr das von Lufthansa eFlight-Team entwickelte Kommunikationsprogramm &#8220;eDesk&#8221; \u00a0 \u00a0<\/p>\n\n\n\n<figure class=\"wp-block-image size-large is-resized\"><a href=\"https:\/\/www.pixelwork.de\/wp-content\/uploads\/2018\/01\/eDesk-Sample.png\" target=\"_blank\" rel=\"noopener\"><img decoding=\"async\" src=\"https:\/\/www.pixelwork.de\/wp-content\/uploads\/2018\/01\/eDesk-Sample-1024x617.png\" alt=\"\" class=\"wp-image-178\" width=\"251\" height=\"150\" srcset=\"https:\/\/www.pixelwork.de\/wp-content\/uploads\/2018\/01\/eDesk-Sample-1024x617.png 1024w, https:\/\/www.pixelwork.de\/wp-content\/uploads\/2018\/01\/eDesk-Sample-300x181.png 300w, https:\/\/www.pixelwork.de\/wp-content\/uploads\/2018\/01\/eDesk-Sample-768x463.png 768w, https:\/\/www.pixelwork.de\/wp-content\/uploads\/2018\/01\/eDesk-Sample.png 1257w\" sizes=\"(max-width: 251px) 100vw, 251px\" \/><\/a><\/figure>\n\n\n\n<ul class=\"wp-block-list\"><li>Phoenix<\/li><\/ul>\n\n\n\n<p>Schulungsmodul f\u00fcr das bei Lufthansa CityLine eingesetzte Reisekostenabrechnung-Programm &#8220;Phoenix&#8221;<\/p>\n\n\n\n<ul class=\"wp-block-list\"><li>CIT<\/li><\/ul>\n\n\n\n<p>Schulungsmodul f\u00fcr das bei Lufthansa CityLine &nbsp;eingesetzte &nbsp;Crew &nbsp;Kommunikations-Programm &#8220;CIT&#8221;<\/p>\n\n\n\n<ul class=\"wp-block-list\"><li>eRM<\/li><\/ul>\n\n\n\n<p>Schulungsmodul f\u00fcr die Nutzung der Sigmet-Area-Funktion des elektronisches Route Manuals<\/p>\n\n\n\n<ul class=\"wp-block-list\"><li>Pacelab&nbsp;Flight Profile Optimizer<\/li><\/ul>\n\n\n\n<p>Schulungsmodul f\u00fcr die Nutzung des von der Pace GmbH entwickelten &#8220;Flight Profile Optimizer&#8221;, einer Software zur Spriteinsparung auf Langstreckenfl\u00fcgen durch Optimierung des vertikalen Flugprofils<\/p>\n\n\n\n<figure class=\"wp-block-image size-large is-resized\"><a href=\"https:\/\/www.pixelwork.de\/wp-content\/uploads\/2018\/01\/FPO.png\" target=\"_blank\" rel=\"noopener\"><img decoding=\"async\" src=\"https:\/\/www.pixelwork.de\/wp-content\/uploads\/2018\/01\/FPO.png\" alt=\"\" class=\"wp-image-179\" width=\"250\" height=\"157\" srcset=\"https:\/\/www.pixelwork.de\/wp-content\/uploads\/2018\/01\/FPO.png 800w, https:\/\/www.pixelwork.de\/wp-content\/uploads\/2018\/01\/FPO-300x189.png 300w, https:\/\/www.pixelwork.de\/wp-content\/uploads\/2018\/01\/FPO-768x485.png 768w\" sizes=\"(max-width: 250px) 100vw, 250px\" \/><\/a><\/figure>\n\n\n\n<ul class=\"wp-block-list\"><li>Screencast<\/li><\/ul>\n\n\n\n<p>Bei den Screencast CBT Modulen wird die Nutzung der auf den EFB installierten Programme mithilfe eines Screencast-Videos geschult. Der Nutzer bekommt eine audiovisuelle Einf\u00fchrung, um die wichtigsten Programmfeatures kennenzulernen.<\/p>\n\n\n\n<figure class=\"wp-block-image size-large is-resized\"><a href=\"https:\/\/www.pixelwork.de\/wp-content\/uploads\/2018\/01\/Screnncast-Overview.png\" target=\"_blank\" rel=\"noopener\"><img loading=\"lazy\" decoding=\"async\" src=\"https:\/\/www.pixelwork.de\/wp-content\/uploads\/2018\/01\/Screnncast-Overview.png\" alt=\"\" class=\"wp-image-326\" width=\"250\" height=\"188\" srcset=\"https:\/\/www.pixelwork.de\/wp-content\/uploads\/2018\/01\/Screnncast-Overview.png 1000w, https:\/\/www.pixelwork.de\/wp-content\/uploads\/2018\/01\/Screnncast-Overview-300x225.png 300w, https:\/\/www.pixelwork.de\/wp-content\/uploads\/2018\/01\/Screnncast-Overview-768x576.png 768w, https:\/\/www.pixelwork.de\/wp-content\/uploads\/2018\/01\/Screnncast-Overview-960x720.png 960w, https:\/\/www.pixelwork.de\/wp-content\/uploads\/2018\/01\/Screnncast-Overview-480x360.png 480w\" sizes=\"(max-width: 250px) 100vw, 250px\" \/><\/a><\/figure>\n\n\n\n<p><\/p>\n","protected":false},"excerpt":{"rendered":"<p>Mit diesen Software Schulungsmodulen kann die Einf\u00fchrung von neuer Software begleitet werden. Dies gilt sowohl f\u00fcr Software-Programme, die Piloten auf Ihren Electronic FlightBag Computern nutzen, als auch f\u00fcr neue Softwareanwendungen im Verwaltungsbereich. Die Mitarbeiter werden durch die Bedienung der Software gef\u00fchrt, interaktive \u00dcbungen und Fragen vertiefen das Lernerlebnis. Pacelab CI OPS Schulungsmodul zur Nutzung des von der PACE GmbH entwickelten Flugweg Optimierungsprogramms &#8220;Pacelab CI OPS&#8221; eDesk Schulungsmodul f\u00fcr das von Lufthansa eFlight-Team entwickelte Kommunikationsprogramm &#8220;eDesk&#8221; \u00a0 \u00a0 Phoenix Schulungsmodul f\u00fcr das bei Lufthansa CityLine eingesetzte Reisekostenabrechnung-Programm &#8220;Phoenix&#8221; CIT Schulungsmodul f\u00fcr das bei Lufthansa CityLine &nbsp;eingesetzte &nbsp;Crew &nbsp;Kommunikations-Programm &#8220;CIT&#8221; eRM Schulungsmodul f\u00fcr die Nutzung der Sigmet-Area-Funktion des elektronisches Route Manuals Pacelab&nbsp;Flight Profile Optimizer Schulungsmodul f\u00fcr die Nutzung des von der Pace GmbH entwickelten &#8220;Flight Profile Optimizer&#8221;, einer Software zur Spriteinsparung auf Langstreckenfl\u00fcgen durch Optimierung des vertikalen Flugprofils Screencast Bei den Screencast CBT Modulen wird die Nutzung der auf den EFB installierten Programme mithilfe eines Screencast-Videos geschult. Der Nutzer bekommt eine audiovisuelle Einf\u00fchrung, um die wichtigsten Programmfeatures kennenzulernen.<\/p>\n","protected":false},"author":1,"featured_media":0,"parent":0,"menu_order":0,"comment_status":"closed","ping_status":"closed","template":"","meta":{"footnotes":""},"class_list":["post-74","page","type-page","status-publish","hentry"],"_links":{"self":[{"href":"https:\/\/www.pixelwork.de\/digitales-lernen\/wp-json\/wp\/v2\/pages\/74","targetHints":{"allow":["GET"]}}],"collection":[{"href":"https:\/\/www.pixelwork.de\/digitales-lernen\/wp-json\/wp\/v2\/pages"}],"about":[{"href":"https:\/\/www.pixelwork.de\/digitales-lernen\/wp-json\/wp\/v2\/types\/page"}],"author":[{"embeddable":true,"href":"https:\/\/www.pixelwork.de\/digitales-lernen\/wp-json\/wp\/v2\/users\/1"}],"replies":[{"embeddable":true,"href":"https:\/\/www.pixelwork.de\/digitales-lernen\/wp-json\/wp\/v2\/comments?post=74"}],"version-history":[{"count":8,"href":"https:\/\/www.pixelwork.de\/digitales-lernen\/wp-json\/wp\/v2\/pages\/74\/revisions"}],"predecessor-version":[{"id":531,"href":"https:\/\/www.pixelwork.de\/digitales-lernen\/wp-json\/wp\/v2\/pages\/74\/revisions\/531"}],"wp:attachment":[{"href":"https:\/\/www.pixelwork.de\/digitales-lernen\/wp-json\/wp\/v2\/media?parent=74"}],"curies":[{"name":"wp","href":"https:\/\/api.w.org\/{rel}","templated":true}]}}