{"id":71,"date":"2018-01-27T08:36:34","date_gmt":"2018-01-27T08:36:34","guid":{"rendered":"https:\/\/www.pixelwork.de\/?page_id=71"},"modified":"2021-02-20T19:05:46","modified_gmt":"2021-02-20T19:05:46","slug":"allgemeine-schulungsprogramme","status":"publish","type":"page","link":"https:\/\/www.pixelwork.de\/digitales-lernen\/allgemeine-schulungsprogramme\/","title":{"rendered":"allgemeine Schulungsprogramme"},"content":{"rendered":"\n<p>Zus\u00e4tzlich zu Flugzeug-Muster abh\u00e4ngigen Schulungsinhalten gibt es auch zahlreiche andere allgemeine Schulungsprogramme, die Piloten zur Aus\u00fcbung ihres Berufs ben\u00f6tigen. Neben einer Vielzahl von Betriebshandb\u00fcchern und Vorschriftensammlungen geh\u00f6ren dazu auch Wetterkunde, Rechtsvorschriften, Aerodynamik. etc.<\/p>\n\n\n\n<p>Ferner werden Schulungsprogramme auch im administrativen&nbsp;Bereich eingesetzt.<\/p>\n\n\n\n<ul class=\"wp-block-list\"><li>EGPWS<\/li><\/ul>\n\n\n\n<p>Schulungmodul f\u00fcr Piloten zur Erkl\u00e4rung des von Honeywell entwickelten &#8220;Enhanced Ground Proximity Warning Systems&#8221;<\/p>\n\n\n\n<ul class=\"wp-block-list\"><li>Flugdienst und Ruhezeiten<\/li><\/ul>\n\n\n\n<p>Schulungsmodul f\u00fcr die Einsatzplaner zur Ermittlung der Flugdienst- und Ruhezeiten der Flugzeugbesatzungen<\/p>\n\n\n\n<p><a href=\"https:\/\/www.pixelwork.de\/IOC-Auswahl\/index.html\" class=\"rank-math-link\">IOC-Auswahl<\/a><\/p>\n\n\n\n<ul class=\"wp-block-list\"><li>Osteuropa Ops<\/li><\/ul>\n\n\n\n<p>Schulungsmodul f\u00fcr Piloten \u00fcber die Besonderheiten der Ost-Europa Operation<\/p>\n\n\n\n<ul class=\"wp-block-list\"><li>TecLog<\/li><\/ul>\n\n\n\n<p>Schulungsmodul f\u00fcr Piloten zur Nutzung des bei Lufthansa CityLine verwendeten Technischen Log-Book<\/p>\n\n\n\n<ul class=\"wp-block-list\"><li>Upset Recovery<\/li><\/ul>\n\n\n\n<p>Schulungsmodul f\u00fcr Piloten mit Hinweisen zur Recovery von ungew\u00f6hnlichen Fluglagen<\/p>\n\n\n\n<ul class=\"wp-block-list\"><li>EFB-Loadsheet<\/li><\/ul>\n\n\n\n<p>Schulungsmodul f\u00fcr Piloten zur Nutzung der Back-Up Loadsheet Funktionalit\u00e4t auf dem Piloten-Laptop<\/p>\n\n\n\n<ul class=\"wp-block-list\"><li>Web Based Briefing<\/li><\/ul>\n\n\n\n<p>Schulungsmodul f\u00fcr Flugbesatzungen zur Nutzung des Selbst-Briefing Portals zur \u00dcbermittlung der flugrelevanten Dokumente<\/p>\n\n\n\n<ul class=\"wp-block-list\"><li>Notfall &amp; Back-Up Verfahren<\/li><\/ul>\n\n\n\n<p>Schulungsmodul f\u00fcr die Mitarbeiter der Verkehrszentrale. Inhalte: Verhalten in Bedrohungssituationen, EDV-Ausfall, Kontakte, Luftunfall (ERAP), Fragenkatalog<\/p>\n\n\n\n<p><a href=\"https:\/\/www.pixelwork.de\/IOC-Auswahl\/index.html\" class=\"rank-math-link\">IOC-Auswahl<\/a><\/p>\n\n\n\n<ul class=\"wp-block-list\"><li>SpecialOps\/Meteorologie<\/li><\/ul>\n\n\n\n<p>Schulungsmodul f\u00fcr die Mitarbeiter der Verkehrszentrale. Inhalte: Meteorologie, Winter-Operation, Spezielle Wetterverh\u00e4ltnisse, Flugphysik, Fragenkatalog<\/p>\n\n\n\n<figure class=\"wp-block-image size-large is-resized\"><a href=\"https:\/\/www.pixelwork.de\/wp-content\/uploads\/2018\/01\/Special-Ops-1024x716.png\" target=\"_blank\" rel=\"noopener\"><img decoding=\"async\" src=\"https:\/\/www.pixelwork.de\/wp-content\/uploads\/2018\/01\/Special-Ops-1024x716.png\" alt=\"allgemeine Schulungsprogramme\" class=\"wp-image-168\" width=\"250\" height=\"179\"\/><\/a><\/figure>\n\n\n\n<p><a href=\"https:\/\/www.pixelwork.de\/IOC-Auswahl\/index.html\" class=\"rank-math-link\">IOC-Auswahl<\/a><\/p>\n\n\n\n<ul class=\"wp-block-list\"><li>Gep\u00e4cklabel<\/li><\/ul>\n\n\n\n<p>Schulungsmodul f\u00fcr die Kabinenmitarbeiter \u00fcber die Verwendung der genutzten Gep\u00e4cklabel f\u00fcr Crew und Passagiere<\/p>\n\n\n\n<ul class=\"wp-block-list\"><li>Formulare<\/li><\/ul>\n\n\n\n<p>Schulungsmodul f\u00fcr Kabinenmitarbeiter \u00fcber die Verwendung der genutzten Formulare<\/p>\n","protected":false},"excerpt":{"rendered":"<p>Zus\u00e4tzlich zu Flugzeug-Muster abh\u00e4ngigen Schulungsinhalten gibt es auch zahlreiche andere allgemeine Schulungsprogramme, die Piloten zur Aus\u00fcbung ihres Berufs ben\u00f6tigen. Neben einer Vielzahl von Betriebshandb\u00fcchern und Vorschriftensammlungen geh\u00f6ren dazu auch Wetterkunde, Rechtsvorschriften, Aerodynamik. etc. Ferner werden Schulungsprogramme auch im administrativen&nbsp;Bereich eingesetzt. EGPWS Schulungmodul f\u00fcr Piloten zur Erkl\u00e4rung des von Honeywell entwickelten &#8220;Enhanced Ground Proximity Warning Systems&#8221; Flugdienst und Ruhezeiten Schulungsmodul f\u00fcr die Einsatzplaner zur Ermittlung der Flugdienst- und Ruhezeiten der Flugzeugbesatzungen IOC-Auswahl Osteuropa Ops Schulungsmodul f\u00fcr Piloten \u00fcber die Besonderheiten der Ost-Europa Operation TecLog Schulungsmodul f\u00fcr Piloten zur Nutzung des bei Lufthansa CityLine verwendeten Technischen Log-Book Upset Recovery Schulungsmodul f\u00fcr Piloten mit Hinweisen zur Recovery von ungew\u00f6hnlichen Fluglagen EFB-Loadsheet Schulungsmodul f\u00fcr Piloten zur Nutzung der Back-Up Loadsheet Funktionalit\u00e4t auf dem Piloten-Laptop Web Based Briefing Schulungsmodul f\u00fcr Flugbesatzungen zur Nutzung des Selbst-Briefing Portals zur \u00dcbermittlung der flugrelevanten Dokumente Notfall &amp; Back-Up Verfahren Schulungsmodul f\u00fcr die Mitarbeiter der Verkehrszentrale. Inhalte: Verhalten in Bedrohungssituationen, EDV-Ausfall, Kontakte, Luftunfall (ERAP), Fragenkatalog IOC-Auswahl SpecialOps\/Meteorologie Schulungsmodul f\u00fcr die Mitarbeiter der Verkehrszentrale. Inhalte: Meteorologie, Winter-Operation, Spezielle Wetterverh\u00e4ltnisse, Flugphysik, Fragenkatalog IOC-Auswahl Gep\u00e4cklabel Schulungsmodul f\u00fcr die Kabinenmitarbeiter \u00fcber die Verwendung der genutzten Gep\u00e4cklabel f\u00fcr Crew und Passagiere Formulare Schulungsmodul f\u00fcr Kabinenmitarbeiter \u00fcber die Verwendung der genutzten Formulare<\/p>\n","protected":false},"author":1,"featured_media":168,"parent":0,"menu_order":0,"comment_status":"closed","ping_status":"closed","template":"","meta":{"footnotes":""},"class_list":["post-71","page","type-page","status-publish","has-post-thumbnail","hentry"],"_links":{"self":[{"href":"https:\/\/www.pixelwork.de\/digitales-lernen\/wp-json\/wp\/v2\/pages\/71","targetHints":{"allow":["GET"]}}],"collection":[{"href":"https:\/\/www.pixelwork.de\/digitales-lernen\/wp-json\/wp\/v2\/pages"}],"about":[{"href":"https:\/\/www.pixelwork.de\/digitales-lernen\/wp-json\/wp\/v2\/types\/page"}],"author":[{"embeddable":true,"href":"https:\/\/www.pixelwork.de\/digitales-lernen\/wp-json\/wp\/v2\/users\/1"}],"replies":[{"embeddable":true,"href":"https:\/\/www.pixelwork.de\/digitales-lernen\/wp-json\/wp\/v2\/comments?post=71"}],"version-history":[{"count":6,"href":"https:\/\/www.pixelwork.de\/digitales-lernen\/wp-json\/wp\/v2\/pages\/71\/revisions"}],"predecessor-version":[{"id":642,"href":"https:\/\/www.pixelwork.de\/digitales-lernen\/wp-json\/wp\/v2\/pages\/71\/revisions\/642"}],"wp:featuredmedia":[{"embeddable":true,"href":"https:\/\/www.pixelwork.de\/digitales-lernen\/wp-json\/wp\/v2\/media\/168"}],"wp:attachment":[{"href":"https:\/\/www.pixelwork.de\/digitales-lernen\/wp-json\/wp\/v2\/media?parent=71"}],"curies":[{"name":"wp","href":"https:\/\/api.w.org\/{rel}","templated":true}]}}