{"id":68,"date":"2018-01-27T08:36:02","date_gmt":"2018-01-27T08:36:02","guid":{"rendered":"https:\/\/www.pixelwork.de\/?page_id=68"},"modified":"2021-02-28T10:29:55","modified_gmt":"2021-02-28T10:29:55","slug":"lern-programme","status":"publish","type":"page","link":"https:\/\/www.pixelwork.de\/digitales-lernen\/lern-programme\/","title":{"rendered":"Lern Programme"},"content":{"rendered":"<p>Die Pixelwork Lern\u00a0Programme werden mit aktuellen Autorensystemen erstellt (Adobe Captivate, HTML5 etc.) Sie folgen den Empfehlungen des AICC f\u00fcr CBT Programme.<\/p>\n<p>Zur besseren Nachverfolgung von Qualifikationen und Lernfortschritten sind die <strong>eLearning<\/strong>\u00a0Programme durch die Einhaltung des SCORM-Standards in ein Learning Management System (LMS) integrierbar. Interaktive\u00a0Fragenkataloge mit Feedback f\u00fcr den Anwender k\u00f6nnen eingebunden werden.<\/p>\n<p>Die Pixelwork\u00a0Lern<em>\u00a0<\/em>Programme sind sowohl f\u00fcr die Verbreitung \u00fcber Intranet als auch Internet geeignet. F\u00fcr den Zugriff \u00fcber mobile Endger\u00e4te stehen HTML 5 Versionen \u00a0zur Verf\u00fcgung. Dar\u00fcber hinaus k\u00f6nnen die Pixelwork-Programme auf Wunsch lokal oder auf Cloud-Servern bereitgestellt werden.<\/p>\n<p>F\u00fcr einige Programme ist es m\u00f6glich, eine IOS-AppVersion zu erstellen.<\/p>\n<p>Klicken Sie auf die Eintr\u00e4ge, um eine \u00dcbersicht der verf\u00fcgbaren Programme zu erhalten.<\/p>\n<ul>\n<li><a href=\"https:\/\/www.pixelwork.de\/allgemeine-schulungsprogramme\/\">Allgemeine Schulungsprogramme<\/a><\/li>\n<li><a href=\"https:\/\/www.pixelwork.de\/software-schulung\/\">Softwareschulung<\/a><\/li>\n<li><a href=\"https:\/\/www.pixelwork.de\/type-rating-course-programme\/\">Type Rating Programme<\/a><\/li>\n<li><a href=\"https:\/\/www.pixelwork.de\/airport-familiarization-programme\/\">Airport Familiarization Programme<\/a><\/li>\n<li><a href=\"https:\/\/www.pixelwork.de\/digitales-lernen\/erklaervideo\/\">Erkl\u00e4rvideos<\/a><\/li>\n<\/ul>\n\n\n<p><\/p>\n","protected":false},"excerpt":{"rendered":"<p>Die Pixelwork Lern\u00a0Programme werden mit aktuellen Autorensystemen erstellt (Adobe Captivate, HTML5 etc.) Sie folgen den Empfehlungen des AICC f\u00fcr CBT Programme. Zur besseren Nachverfolgung von Qualifikationen und Lernfortschritten sind die eLearning\u00a0Programme durch die Einhaltung des SCORM-Standards in ein Learning Management System (LMS) integrierbar. Interaktive\u00a0Fragenkataloge mit Feedback f\u00fcr den Anwender k\u00f6nnen eingebunden werden. Die Pixelwork\u00a0Lern\u00a0Programme sind sowohl f\u00fcr die Verbreitung \u00fcber Intranet als auch Internet geeignet. F\u00fcr den Zugriff \u00fcber mobile Endger\u00e4te stehen HTML 5 Versionen \u00a0zur Verf\u00fcgung. Dar\u00fcber hinaus k\u00f6nnen die Pixelwork-Programme auf Wunsch lokal oder auf Cloud-Servern bereitgestellt werden. F\u00fcr einige Programme ist es m\u00f6glich, eine IOS-AppVersion zu erstellen. Klicken Sie auf die Eintr\u00e4ge, um eine \u00dcbersicht der verf\u00fcgbaren Programme zu erhalten. Allgemeine Schulungsprogramme Softwareschulung Type Rating Programme Airport Familiarization Programme Erkl\u00e4rvideos<\/p>\n","protected":false},"author":1,"featured_media":0,"parent":0,"menu_order":0,"comment_status":"closed","ping_status":"closed","template":"","meta":{"footnotes":""},"class_list":["post-68","page","type-page","status-publish","hentry"],"_links":{"self":[{"href":"https:\/\/www.pixelwork.de\/digitales-lernen\/wp-json\/wp\/v2\/pages\/68","targetHints":{"allow":["GET"]}}],"collection":[{"href":"https:\/\/www.pixelwork.de\/digitales-lernen\/wp-json\/wp\/v2\/pages"}],"about":[{"href":"https:\/\/www.pixelwork.de\/digitales-lernen\/wp-json\/wp\/v2\/types\/page"}],"author":[{"embeddable":true,"href":"https:\/\/www.pixelwork.de\/digitales-lernen\/wp-json\/wp\/v2\/users\/1"}],"replies":[{"embeddable":true,"href":"https:\/\/www.pixelwork.de\/digitales-lernen\/wp-json\/wp\/v2\/comments?post=68"}],"version-history":[{"count":10,"href":"https:\/\/www.pixelwork.de\/digitales-lernen\/wp-json\/wp\/v2\/pages\/68\/revisions"}],"predecessor-version":[{"id":664,"href":"https:\/\/www.pixelwork.de\/digitales-lernen\/wp-json\/wp\/v2\/pages\/68\/revisions\/664"}],"wp:attachment":[{"href":"https:\/\/www.pixelwork.de\/digitales-lernen\/wp-json\/wp\/v2\/media?parent=68"}],"curies":[{"name":"wp","href":"https:\/\/api.w.org\/{rel}","templated":true}]}}